{"id":811,"date":"2022-08-04T01:30:13","date_gmt":"2022-08-04T01:30:13","guid":{"rendered":"https:\/\/fazendabomretiro.com.br\/pousada\/?page_id=811"},"modified":"2023-05-23T14:46:31","modified_gmt":"2023-05-23T14:46:31","slug":"massagens","status":"publish","type":"page","link":"https:\/\/fazendabomretiro.com.br\/pousada\/massagens\/","title":{"rendered":"Massagens"},"content":{"rendered":"<div class=\"wpb-content-wrapper\"><p>[vc_row css_animation=&#8221;&#8221; row_type=&#8221;row&#8221; use_row_as_full_screen_section=&#8221;no&#8221; type=&#8221;grid&#8221; angled_section=&#8221;no&#8221; text_align=&#8221;left&#8221; background_image_as_pattern=&#8221;without_pattern&#8221; padding_top=&#8221;10&#8243; padding_bottom=&#8221;60&#8243; z_index=&#8221;&#8221; css=&#8221;.vc_custom_1659576627630{padding-top: 80px !important;background-color: #ffffff !important;}&#8221;][vc_column offset=&#8221;vc_col-lg-7 vc_col-md-7&#8243;][vc_column_text]<\/p>\n<h2><span style=\"color: #7b6156;\">Massagens<\/span><\/h2>\n<p>[\/vc_column_text][vc_empty_space height=&#8221;28px&#8221;][vc_column_text]<strong>Massagem Relaxante:<\/strong><br \/>\nObjetivo: relaxar o corpo, proporcionando al\u00edvio da ansiedade, ins\u00f4nia, dores de cabe\u00e7a e al\u00edvio da mente.<br \/>\n\u2022 t\u00e9cnica manual<br \/>\n\u2022 dura\u00e7\u00e3o 60 minutos<\/p>\n<p>&nbsp;<\/p>\n<p><strong>Drenagem Linf\u00e1tica:<\/strong><br \/>\nObjetivo: diminuir a reten\u00e7\u00e3o de l\u00edquidos e desintoxicar o corpo para que absorva melhor os nutrientes, proporcionando bem estar geral.<br \/>\n\u2022 dura\u00e7\u00e3o 45 minutos<\/p>\n<p>&nbsp;<\/p>\n<p><strong>Massagem Modeladora:<\/strong><br \/>\nObjetivo: perder medidas e reduzir celulites.<br \/>\n\u2022 dura\u00e7\u00e3o 60 minutos<\/p>\n<p>&nbsp;<\/p>\n<p><strong>Terapia de pedras quentes:<\/strong><br \/>\nObjetivo: relaxamento profundo aliviando estresse, ansiedade e tens\u00f5es.<br \/>\n\u2022 dura\u00e7\u00e3o 60 minutos<\/p>\n<p>&nbsp;<\/p>\n<p><strong>Massagem Terap\u00eautica:<\/strong><br \/>\nObjetivo: al\u00edvio de dores musculares e tens\u00f5es, proporcionando bem estar e relaxamento.<br \/>\n\u2022dura\u00e7\u00e3o 60 minutos<\/p>\n<p>&nbsp;<\/p>\n<p>*Consulte por valores[\/vc_column_text][vc_empty_space height=&#8221;35px&#8221;][\/vc_column][vc_column offset=&#8221;vc_col-lg-5 vc_col-md-5&#8243;][vc_single_image image=&#8221;848&#8243; img_size=&#8221;full&#8221; qode_css_animation=&#8221;element_from_right&#8221; qode_hover_animation=&#8221;zoom_in&#8221;][\/vc_column][\/vc_row]<\/p>\n<\/div>","protected":false},"excerpt":{"rendered":"<p>[vc_row css_animation=&#8221;&#8221; row_type=&#8221;row&#8221; use_row_as_full_screen_section=&#8221;no&#8221; type=&#8221;grid&#8221; angled_section=&#8221;no&#8221; text_align=&#8221;left&#8221; background_image_as_pattern=&#8221;without_pattern&#8221; padding_top=&#8221;10&#8243; padding_bottom=&#8221;60&#8243; z_index=&#8221;&#8221; css=&#8221;.vc_custom_1659576627630{padding-top: 80px !important;background-color: #ffffff !important;}&#8221;][vc_column offset=&#8221;vc_col-lg-7 vc_col-md-7&#8243;][vc_column_text] Massagens [\/vc_column_text][vc_empty_space height=&#8221;28px&#8221;][vc_column_text]Massagem Relaxante: Objetivo: relaxar o corpo, proporcionando al\u00edvio da ansiedade, ins\u00f4nia, dores de cabe\u00e7a e al\u00edvio da mente. \u2022 t\u00e9cnica manual \u2022 dura\u00e7\u00e3o 60 minutos&#8230;<\/p>\n","protected":false},"author":1,"featured_media":0,"parent":0,"menu_order":0,"comment_status":"closed","ping_status":"closed","template":"full_width.php","meta":{"footnotes":""},"class_list":["post-811","page","type-page","status-publish","hentry"],"_links":{"self":[{"href":"https:\/\/fazendabomretiro.com.br\/pousada\/wp-json\/wp\/v2\/pages\/811","targetHints":{"allow":["GET"]}}],"collection":[{"href":"https:\/\/fazendabomretiro.com.br\/pousada\/wp-json\/wp\/v2\/pages"}],"about":[{"href":"https:\/\/fazendabomretiro.com.br\/pousada\/wp-json\/wp\/v2\/types\/page"}],"author":[{"embeddable":true,"href":"https:\/\/fazendabomretiro.com.br\/pousada\/wp-json\/wp\/v2\/users\/1"}],"replies":[{"embeddable":true,"href":"https:\/\/fazendabomretiro.com.br\/pousada\/wp-json\/wp\/v2\/comments?post=811"}],"version-history":[{"count":10,"href":"https:\/\/fazendabomretiro.com.br\/pousada\/wp-json\/wp\/v2\/pages\/811\/revisions"}],"predecessor-version":[{"id":1083,"href":"https:\/\/fazendabomretiro.com.br\/pousada\/wp-json\/wp\/v2\/pages\/811\/revisions\/1083"}],"wp:attachment":[{"href":"https:\/\/fazendabomretiro.com.br\/pousada\/wp-json\/wp\/v2\/media?parent=811"}],"curies":[{"name":"wp","href":"https:\/\/api.w.org\/{rel}","templated":true}]}}