{"id":823,"date":"2022-08-04T01:37:10","date_gmt":"2022-08-04T01:37:10","guid":{"rendered":"https:\/\/fazendabomretiro.com.br\/pousada-es\/?page_id=823"},"modified":"2023-07-07T14:43:54","modified_gmt":"2023-07-07T14:43:54","slug":"degustacao","status":"publish","type":"page","link":"https:\/\/fazendabomretiro.com.br\/pousada-es\/degustacao\/","title":{"rendered":"Degusta\u00e7\u00e3o"},"content":{"rendered":"<div class=\"wpb-content-wrapper\"><p>[vc_row css_animation=&#8221;&#8221; row_type=&#8221;row&#8221; use_row_as_full_screen_section=&#8221;no&#8221; type=&#8221;grid&#8221; angled_section=&#8221;no&#8221; text_align=&#8221;left&#8221; background_image_as_pattern=&#8221;without_pattern&#8221; padding_top=&#8221;10&#8243; padding_bottom=&#8221;60&#8243; z_index=&#8221;&#8221; css=&#8221;.vc_custom_1659576627630{padding-top: 80px !important;background-color: #ffffff !important;}&#8221;][vc_column offset=&#8221;vc_col-lg-7 vc_col-md-7&#8243;][vc_column_text]<\/p>\n<h2><span style=\"color: #7b6156;\">Desgustaci\u00f3n<\/span><\/h2>\n<p>[\/vc_column_text][vc_empty_space height=&#8221;28px&#8221;][vc_column_text]Venga a explorar nuestros vi\u00f1edos, d\u00e9jese encantar por hermosos paisajes y saboree nuestros vinos. Las visitas seguidas de degustaci\u00f3n tienen una duraci\u00f3n de una hora y media.<\/p>\n<p>&nbsp;<\/p>\n<p>La visita es guiada por un sommelier que recibe al p\u00fablico, cuenta la historia de la Fazenda Bom Retiro, explica el proyecto del complejo tur\u00edstico enogastron\u00f3mico y aborda las castas de uva plantadas en la propiedad, el terroir, clima y otros datos pertinentes. Es el momento ideal para preguntas, dudas y aprender o profundizar a\u00fan m\u00e1s sobre este universo. Terminada la visitaci\u00f3n a los vi\u00f1edos, los visitantes son dirigidos a una sala de degustaci\u00f3n donde se exhibe un video sobre el proyecto y, finalmente, se inicia la degustaci\u00f3n de cuatro de nuestras etiquetas acompa\u00f1adas de peque\u00f1as armonizaciones.<\/p>\n<p>&nbsp;<\/p>\n<p>Consulte las opciones a continuaci\u00f3n y haga su reserva.<\/p>\n<p>&nbsp;<\/p>\n<p>Jueves: 17:00<br \/>\nViernes: 10:30 \/ 12:30 \/ 15:00 \/ 17:00<br \/>\nS\u00e1bado: 10:30 \/ 12:30 \/ 15:00 \/ 17:00<br \/>\nDomingo: 10:30 \/ 12:30 \/ 14:30<\/p>\n<p>&nbsp;<\/p>\n<p>Reservas \/ informaci\u00f3n por favor contactar:<br \/>\nWhatsApp: (048) 99679-4545<br \/>\nCorreo electr\u00f3nico: reservas@vinicolathera.com.br[\/vc_column_text][vc_empty_space height=&#8221;35px&#8221;][\/vc_column][vc_column offset=&#8221;vc_col-lg-5 vc_col-md-5 vc_hidden-xs&#8221;][\/vc_column][\/vc_row][vc_row css_animation=&#8221;&#8221; row_type=&#8221;row&#8221; use_row_as_full_screen_section=&#8221;no&#8221; type=&#8221;full_width&#8221; angled_section=&#8221;no&#8221; text_align=&#8221;center&#8221; background_image_as_pattern=&#8221;without_pattern&#8221; padding_top=&#8221;65&#8243; padding_bottom=&#8221;150&#8243; z_index=&#8221;&#8221; css=&#8221;.vc_custom_1658712603987{background-color: #ffffff !important;}&#8221;][vc_column]<div class=\"qode-advanced-image-gallery  qode-aig-carousel-type qode-tiny-space  qode-image-behavior-lightbox \">\n\t<div class=\"qode-aig-slider qode-owl-slider\" data-number-of-items=\"5\" data-enable-loop=\"yes\" data-enable-autoplay=\"yes\" data-slider-speed=\"3000\" data-slider-speed-animation=\"600\" data-slider-padding=\"no\" data-enable-navigation=\"yes\" data-enable-pagination=\"yes\">\n\t\t\t\t\t<div class=\"qode-aig-image\">\n\t\t\t\t\t\t\t\t\t<a itemprop=\"image\" class=\"qode-aig-lightbox qode-block-drag-link\" href=\"https:\/\/fazendabomretiro.com.br\/pousada-es\/wp-content\/uploads\/2022\/07\/12.jpg\" data-rel=\"prettyPhoto[image_gallery_pretty_photo-19]\" title=\"\">\n\t\t\t\t\t\t\t\t\t<img fetchpriority=\"high\" decoding=\"async\" width=\"800\" height=\"960\" src=\"https:\/\/fazendabomretiro.com.br\/pousada-es\/wp-content\/uploads\/2022\/07\/12.jpg\" class=\"attachment-full size-full\" alt=\"\" srcset=\"https:\/\/fazendabomretiro.com.br\/pousada-es\/wp-content\/uploads\/2022\/07\/12.jpg 800w, https:\/\/fazendabomretiro.com.br\/pousada-es\/wp-content\/uploads\/2022\/07\/12-250x300.jpg 250w, https:\/\/fazendabomretiro.com.br\/pousada-es\/wp-content\/uploads\/2022\/07\/12-768x922.jpg 768w, https:\/\/fazendabomretiro.com.br\/pousada-es\/wp-content\/uploads\/2022\/07\/12-700x840.jpg 700w\" sizes=\"(max-width: 800px) 100vw, 800px\" \/>\t\t\t\t\t<span class=\"aig-gallery-hover\">\n\t\t\t\t\t\t\t\t\t\t\t<\/span>\n\t\t\t\t\t\t\t\t\t<\/a>\n\t\t\t\t\t\t\t<\/div>\n\t\t\t\t\t<div class=\"qode-aig-image\">\n\t\t\t\t\t\t\t\t\t<a itemprop=\"image\" class=\"qode-aig-lightbox qode-block-drag-link\" href=\"https:\/\/fazendabomretiro.com.br\/pousada-es\/wp-content\/uploads\/2022\/07\/4-1.jpg\" data-rel=\"prettyPhoto[image_gallery_pretty_photo-19]\" title=\"4\">\n\t\t\t\t\t\t\t\t\t<img decoding=\"async\" width=\"800\" height=\"960\" src=\"https:\/\/fazendabomretiro.com.br\/pousada-es\/wp-content\/uploads\/2022\/07\/4-1.jpg\" class=\"attachment-full size-full\" alt=\"\" srcset=\"https:\/\/fazendabomretiro.com.br\/pousada-es\/wp-content\/uploads\/2022\/07\/4-1.jpg 800w, https:\/\/fazendabomretiro.com.br\/pousada-es\/wp-content\/uploads\/2022\/07\/4-1-250x300.jpg 250w, https:\/\/fazendabomretiro.com.br\/pousada-es\/wp-content\/uploads\/2022\/07\/4-1-768x922.jpg 768w, https:\/\/fazendabomretiro.com.br\/pousada-es\/wp-content\/uploads\/2022\/07\/4-1-700x840.jpg 700w\" sizes=\"(max-width: 800px) 100vw, 800px\" \/>\t\t\t\t\t<span class=\"aig-gallery-hover\">\n\t\t\t\t\t\t\t\t\t\t\t<\/span>\n\t\t\t\t\t\t\t\t\t<\/a>\n\t\t\t\t\t\t\t<\/div>\n\t\t\t\t\t<div class=\"qode-aig-image\">\n\t\t\t\t\t\t\t\t\t<a itemprop=\"image\" class=\"qode-aig-lightbox qode-block-drag-link\" href=\"https:\/\/fazendabomretiro.com.br\/pousada-es\/wp-content\/uploads\/2022\/07\/7-1.jpg\" data-rel=\"prettyPhoto[image_gallery_pretty_photo-19]\" title=\"7\">\n\t\t\t\t\t\t\t\t\t<img decoding=\"async\" width=\"800\" height=\"960\" src=\"https:\/\/fazendabomretiro.com.br\/pousada-es\/wp-content\/uploads\/2022\/07\/7-1.jpg\" class=\"attachment-full size-full\" alt=\"\" srcset=\"https:\/\/fazendabomretiro.com.br\/pousada-es\/wp-content\/uploads\/2022\/07\/7-1.jpg 800w, https:\/\/fazendabomretiro.com.br\/pousada-es\/wp-content\/uploads\/2022\/07\/7-1-250x300.jpg 250w, https:\/\/fazendabomretiro.com.br\/pousada-es\/wp-content\/uploads\/2022\/07\/7-1-768x922.jpg 768w, https:\/\/fazendabomretiro.com.br\/pousada-es\/wp-content\/uploads\/2022\/07\/7-1-700x840.jpg 700w\" sizes=\"(max-width: 800px) 100vw, 800px\" \/>\t\t\t\t\t<span class=\"aig-gallery-hover\">\n\t\t\t\t\t\t\t\t\t\t\t<\/span>\n\t\t\t\t\t\t\t\t\t<\/a>\n\t\t\t\t\t\t\t<\/div>\n\t\t\t\t\t<div class=\"qode-aig-image\">\n\t\t\t\t\t\t\t\t\t<a itemprop=\"image\" class=\"qode-aig-lightbox qode-block-drag-link\" href=\"https:\/\/fazendabomretiro.com.br\/pousada-es\/wp-content\/uploads\/2022\/08\/1-4.jpg\" data-rel=\"prettyPhoto[image_gallery_pretty_photo-19]\" title=\"\">\n\t\t\t\t\t\t\t\t\t<img loading=\"lazy\" decoding=\"async\" width=\"800\" height=\"960\" src=\"https:\/\/fazendabomretiro.com.br\/pousada-es\/wp-content\/uploads\/2022\/08\/1-4.jpg\" class=\"attachment-full size-full\" alt=\"\" srcset=\"https:\/\/fazendabomretiro.com.br\/pousada-es\/wp-content\/uploads\/2022\/08\/1-4.jpg 800w, https:\/\/fazendabomretiro.com.br\/pousada-es\/wp-content\/uploads\/2022\/08\/1-4-250x300.jpg 250w, https:\/\/fazendabomretiro.com.br\/pousada-es\/wp-content\/uploads\/2022\/08\/1-4-768x922.jpg 768w, https:\/\/fazendabomretiro.com.br\/pousada-es\/wp-content\/uploads\/2022\/08\/1-4-700x840.jpg 700w\" sizes=\"(max-width: 800px) 100vw, 800px\" \/>\t\t\t\t\t<span class=\"aig-gallery-hover\">\n\t\t\t\t\t\t\t\t\t\t\t<\/span>\n\t\t\t\t\t\t\t\t\t<\/a>\n\t\t\t\t\t\t\t<\/div>\n\t\t\t\t\t<div class=\"qode-aig-image\">\n\t\t\t\t\t\t\t\t\t<a itemprop=\"image\" class=\"qode-aig-lightbox qode-block-drag-link\" href=\"https:\/\/fazendabomretiro.com.br\/pousada-es\/wp-content\/uploads\/2022\/07\/6-1.jpg\" data-rel=\"prettyPhoto[image_gallery_pretty_photo-19]\" title=\"6\">\n\t\t\t\t\t\t\t\t\t<img loading=\"lazy\" decoding=\"async\" width=\"800\" height=\"960\" src=\"https:\/\/fazendabomretiro.com.br\/pousada-es\/wp-content\/uploads\/2022\/07\/6-1.jpg\" class=\"attachment-full size-full\" alt=\"\" srcset=\"https:\/\/fazendabomretiro.com.br\/pousada-es\/wp-content\/uploads\/2022\/07\/6-1.jpg 800w, https:\/\/fazendabomretiro.com.br\/pousada-es\/wp-content\/uploads\/2022\/07\/6-1-250x300.jpg 250w, https:\/\/fazendabomretiro.com.br\/pousada-es\/wp-content\/uploads\/2022\/07\/6-1-768x922.jpg 768w, https:\/\/fazendabomretiro.com.br\/pousada-es\/wp-content\/uploads\/2022\/07\/6-1-700x840.jpg 700w\" sizes=\"(max-width: 800px) 100vw, 800px\" \/>\t\t\t\t\t<span class=\"aig-gallery-hover\">\n\t\t\t\t\t\t\t\t\t\t\t<\/span>\n\t\t\t\t\t\t\t\t\t<\/a>\n\t\t\t\t\t\t\t<\/div>\n\t\t\t\t\t<div class=\"qode-aig-image\">\n\t\t\t\t\t\t\t\t\t<a itemprop=\"image\" class=\"qode-aig-lightbox qode-block-drag-link\" href=\"https:\/\/fazendabomretiro.com.br\/pousada-es\/wp-content\/uploads\/2022\/08\/4-3.jpg\" data-rel=\"prettyPhoto[image_gallery_pretty_photo-19]\" title=\"\">\n\t\t\t\t\t\t\t\t\t<img loading=\"lazy\" decoding=\"async\" width=\"800\" height=\"960\" src=\"https:\/\/fazendabomretiro.com.br\/pousada-es\/wp-content\/uploads\/2022\/08\/4-3.jpg\" class=\"attachment-full size-full\" alt=\"\" srcset=\"https:\/\/fazendabomretiro.com.br\/pousada-es\/wp-content\/uploads\/2022\/08\/4-3.jpg 800w, https:\/\/fazendabomretiro.com.br\/pousada-es\/wp-content\/uploads\/2022\/08\/4-3-250x300.jpg 250w, https:\/\/fazendabomretiro.com.br\/pousada-es\/wp-content\/uploads\/2022\/08\/4-3-768x922.jpg 768w, https:\/\/fazendabomretiro.com.br\/pousada-es\/wp-content\/uploads\/2022\/08\/4-3-700x840.jpg 700w\" sizes=\"(max-width: 800px) 100vw, 800px\" \/>\t\t\t\t\t<span class=\"aig-gallery-hover\">\n\t\t\t\t\t\t\t\t\t\t\t<\/span>\n\t\t\t\t\t\t\t\t\t<\/a>\n\t\t\t\t\t\t\t<\/div>\n\t\t\t\t\t<div class=\"qode-aig-image\">\n\t\t\t\t\t\t\t\t\t<a itemprop=\"image\" class=\"qode-aig-lightbox qode-block-drag-link\" href=\"https:\/\/fazendabomretiro.com.br\/pousada-es\/wp-content\/uploads\/2022\/07\/5-1.jpg\" data-rel=\"prettyPhoto[image_gallery_pretty_photo-19]\" title=\"5\">\n\t\t\t\t\t\t\t\t\t<img loading=\"lazy\" decoding=\"async\" width=\"800\" height=\"960\" src=\"https:\/\/fazendabomretiro.com.br\/pousada-es\/wp-content\/uploads\/2022\/07\/5-1.jpg\" class=\"attachment-full size-full\" alt=\"\" srcset=\"https:\/\/fazendabomretiro.com.br\/pousada-es\/wp-content\/uploads\/2022\/07\/5-1.jpg 800w, https:\/\/fazendabomretiro.com.br\/pousada-es\/wp-content\/uploads\/2022\/07\/5-1-250x300.jpg 250w, https:\/\/fazendabomretiro.com.br\/pousada-es\/wp-content\/uploads\/2022\/07\/5-1-768x922.jpg 768w, https:\/\/fazendabomretiro.com.br\/pousada-es\/wp-content\/uploads\/2022\/07\/5-1-700x840.jpg 700w\" sizes=\"(max-width: 800px) 100vw, 800px\" \/>\t\t\t\t\t<span class=\"aig-gallery-hover\">\n\t\t\t\t\t\t\t\t\t\t\t<\/span>\n\t\t\t\t\t\t\t\t\t<\/a>\n\t\t\t\t\t\t\t<\/div>\n\t\t\t\t\t<div class=\"qode-aig-image\">\n\t\t\t\t\t\t\t\t\t<a itemprop=\"image\" class=\"qode-aig-lightbox qode-block-drag-link\" href=\"https:\/\/fazendabomretiro.com.br\/pousada-es\/wp-content\/uploads\/2022\/08\/2-3.jpg\" data-rel=\"prettyPhoto[image_gallery_pretty_photo-19]\" title=\"\">\n\t\t\t\t\t\t\t\t\t<img loading=\"lazy\" decoding=\"async\" width=\"800\" height=\"960\" src=\"https:\/\/fazendabomretiro.com.br\/pousada-es\/wp-content\/uploads\/2022\/08\/2-3.jpg\" class=\"attachment-full size-full\" alt=\"\" srcset=\"https:\/\/fazendabomretiro.com.br\/pousada-es\/wp-content\/uploads\/2022\/08\/2-3.jpg 800w, https:\/\/fazendabomretiro.com.br\/pousada-es\/wp-content\/uploads\/2022\/08\/2-3-250x300.jpg 250w, https:\/\/fazendabomretiro.com.br\/pousada-es\/wp-content\/uploads\/2022\/08\/2-3-768x922.jpg 768w, https:\/\/fazendabomretiro.com.br\/pousada-es\/wp-content\/uploads\/2022\/08\/2-3-700x840.jpg 700w\" sizes=\"(max-width: 800px) 100vw, 800px\" \/>\t\t\t\t\t<span class=\"aig-gallery-hover\">\n\t\t\t\t\t\t\t\t\t\t\t<\/span>\n\t\t\t\t\t\t\t\t\t<\/a>\n\t\t\t\t\t\t\t<\/div>\n\t\t\t\t\t<div class=\"qode-aig-image\">\n\t\t\t\t\t\t\t\t\t<a itemprop=\"image\" class=\"qode-aig-lightbox qode-block-drag-link\" href=\"https:\/\/fazendabomretiro.com.br\/pousada-es\/wp-content\/uploads\/2022\/08\/3-4.jpg\" data-rel=\"prettyPhoto[image_gallery_pretty_photo-19]\" title=\"\">\n\t\t\t\t\t\t\t\t\t<img loading=\"lazy\" decoding=\"async\" width=\"800\" height=\"960\" src=\"https:\/\/fazendabomretiro.com.br\/pousada-es\/wp-content\/uploads\/2022\/08\/3-4.jpg\" class=\"attachment-full size-full\" alt=\"\" srcset=\"https:\/\/fazendabomretiro.com.br\/pousada-es\/wp-content\/uploads\/2022\/08\/3-4.jpg 800w, https:\/\/fazendabomretiro.com.br\/pousada-es\/wp-content\/uploads\/2022\/08\/3-4-250x300.jpg 250w, https:\/\/fazendabomretiro.com.br\/pousada-es\/wp-content\/uploads\/2022\/08\/3-4-768x922.jpg 768w, https:\/\/fazendabomretiro.com.br\/pousada-es\/wp-content\/uploads\/2022\/08\/3-4-700x840.jpg 700w\" sizes=\"(max-width: 800px) 100vw, 800px\" \/>\t\t\t\t\t<span class=\"aig-gallery-hover\">\n\t\t\t\t\t\t\t\t\t\t\t<\/span>\n\t\t\t\t\t\t\t\t\t<\/a>\n\t\t\t\t\t\t\t<\/div>\n\t\t\t<\/div>\n<\/div>[\/vc_column][\/vc_row]<\/p>\n<\/div>","protected":false},"excerpt":{"rendered":"<p>[vc_row css_animation=&#8221;&#8221; row_type=&#8221;row&#8221; use_row_as_full_screen_section=&#8221;no&#8221; type=&#8221;grid&#8221; angled_section=&#8221;no&#8221; text_align=&#8221;left&#8221; background_image_as_pattern=&#8221;without_pattern&#8221; padding_top=&#8221;10&#8243; padding_bottom=&#8221;60&#8243; z_index=&#8221;&#8221; css=&#8221;.vc_custom_1659576627630{padding-top: 80px !important;background-color: #ffffff !important;}&#8221;][vc_column offset=&#8221;vc_col-lg-7 vc_col-md-7&#8243;][vc_column_text] Desgustaci\u00f3n [\/vc_column_text][vc_empty_space height=&#8221;28px&#8221;][vc_column_text]Venga a explorar nuestros vi\u00f1edos, d\u00e9jese encantar por hermosos paisajes y saboree nuestros vinos. Las visitas seguidas de degustaci\u00f3n tienen una duraci\u00f3n de una hora&#8230;<\/p>\n","protected":false},"author":1,"featured_media":0,"parent":0,"menu_order":0,"comment_status":"closed","ping_status":"closed","template":"full_width.php","meta":{"footnotes":""},"class_list":["post-823","page","type-page","status-publish","hentry"],"_links":{"self":[{"href":"https:\/\/fazendabomretiro.com.br\/pousada-es\/wp-json\/wp\/v2\/pages\/823","targetHints":{"allow":["GET"]}}],"collection":[{"href":"https:\/\/fazendabomretiro.com.br\/pousada-es\/wp-json\/wp\/v2\/pages"}],"about":[{"href":"https:\/\/fazendabomretiro.com.br\/pousada-es\/wp-json\/wp\/v2\/types\/page"}],"author":[{"embeddable":true,"href":"https:\/\/fazendabomretiro.com.br\/pousada-es\/wp-json\/wp\/v2\/users\/1"}],"replies":[{"embeddable":true,"href":"https:\/\/fazendabomretiro.com.br\/pousada-es\/wp-json\/wp\/v2\/comments?post=823"}],"version-history":[{"count":9,"href":"https:\/\/fazendabomretiro.com.br\/pousada-es\/wp-json\/wp\/v2\/pages\/823\/revisions"}],"predecessor-version":[{"id":1130,"href":"https:\/\/fazendabomretiro.com.br\/pousada-es\/wp-json\/wp\/v2\/pages\/823\/revisions\/1130"}],"wp:attachment":[{"href":"https:\/\/fazendabomretiro.com.br\/pousada-es\/wp-json\/wp\/v2\/media?parent=823"}],"curies":[{"name":"wp","href":"https:\/\/api.w.org\/{rel}","templated":true}]}}