{"id":811,"date":"2022-08-04T01:30:13","date_gmt":"2022-08-04T01:30:13","guid":{"rendered":"https:\/\/fazendabomretiro.com.br\/pousada-es\/?page_id=811"},"modified":"2023-07-07T14:40:00","modified_gmt":"2023-07-07T14:40:00","slug":"massagens","status":"publish","type":"page","link":"https:\/\/fazendabomretiro.com.br\/pousada-es\/massagens\/","title":{"rendered":"Massagens"},"content":{"rendered":"<div class=\"wpb-content-wrapper\"><p>[vc_row css_animation=&#8221;&#8221; row_type=&#8221;row&#8221; use_row_as_full_screen_section=&#8221;no&#8221; type=&#8221;grid&#8221; angled_section=&#8221;no&#8221; text_align=&#8221;left&#8221; background_image_as_pattern=&#8221;without_pattern&#8221; padding_top=&#8221;10&#8243; padding_bottom=&#8221;60&#8243; z_index=&#8221;&#8221; css=&#8221;.vc_custom_1659576627630{padding-top: 80px !important;background-color: #ffffff !important;}&#8221;][vc_column offset=&#8221;vc_col-lg-7 vc_col-md-7&#8243;][vc_column_text]<\/p>\n<h2><span style=\"color: #7b6156;\">Masajes<\/span><\/h2>\n<p>[\/vc_column_text][vc_empty_space height=&#8221;28px&#8221;][vc_column_text]<strong>Masaje Relajante:<\/strong><br \/>\nProp\u00f3sito: relajar el cuerpo, proporcionando alivio de la ansiedad, insomnio,<br \/>\ndolores de cabeza y alivio de la mente.<br \/>\n* t\u00e9cnica manual<br \/>\n* duraci\u00f3n 60 minutos<\/p>\n<p>&nbsp;<\/p>\n<p><strong>Drenaje Linf\u00e1tico:<\/strong><br \/>\nProp\u00f3sito: disminuir la retenci\u00f3n de l\u00edquidos y desintoxicar el cuerpo para que<br \/>\nabsorba mejor los nutrientes, proporcionando bienestar general.<br \/>\n* duraci\u00f3n 45 minutos<\/p>\n<p>&nbsp;<\/p>\n<p><strong>Masaje Modelador:<\/strong><br \/>\nProp\u00f3sito: perder medidas y reducir celulitis.<br \/>\n* duraci\u00f3n 60 minutos<br \/>\nTerapia de Piedras Calientes:<br \/>\nProp\u00f3sito: relajaci\u00f3n profunda aliviando el estr\u00e9s, la ansiedad y las tensiones.<br \/>\n* duraci\u00f3n 90 minutos<\/p>\n<p>&nbsp;<\/p>\n<p><strong>Masaje Terap\u00e9utico:<\/strong><br \/>\nProp\u00f3sito: alivio de dolores musculares y tensiones, proporcionando bienestar<br \/>\ny relajaci\u00f3n.<br \/>\n* duraci\u00f3n 60 minutos<\/p>\n<p>&nbsp;<\/p>\n<p>* Consultar por valor[\/vc_column_text][vc_empty_space height=&#8221;35px&#8221;][\/vc_column][vc_column offset=&#8221;vc_col-lg-5 vc_col-md-5&#8243;][vc_single_image image=&#8221;848&#8243; img_size=&#8221;full&#8221; qode_css_animation=&#8221;element_from_right&#8221; qode_hover_animation=&#8221;zoom_in&#8221;][\/vc_column][\/vc_row]<\/p>\n<\/div>","protected":false},"excerpt":{"rendered":"<p>[vc_row css_animation=&#8221;&#8221; row_type=&#8221;row&#8221; use_row_as_full_screen_section=&#8221;no&#8221; type=&#8221;grid&#8221; angled_section=&#8221;no&#8221; text_align=&#8221;left&#8221; background_image_as_pattern=&#8221;without_pattern&#8221; padding_top=&#8221;10&#8243; padding_bottom=&#8221;60&#8243; z_index=&#8221;&#8221; css=&#8221;.vc_custom_1659576627630{padding-top: 80px !important;background-color: #ffffff !important;}&#8221;][vc_column offset=&#8221;vc_col-lg-7 vc_col-md-7&#8243;][vc_column_text] Masajes [\/vc_column_text][vc_empty_space height=&#8221;28px&#8221;][vc_column_text]Masaje Relajante: Prop\u00f3sito: relajar el cuerpo, proporcionando alivio de la ansiedad, insomnio, dolores de cabeza y alivio de la mente. * t\u00e9cnica manual * duraci\u00f3n&#8230;<\/p>\n","protected":false},"author":1,"featured_media":0,"parent":0,"menu_order":0,"comment_status":"closed","ping_status":"closed","template":"full_width.php","meta":{"footnotes":""},"class_list":["post-811","page","type-page","status-publish","hentry"],"_links":{"self":[{"href":"https:\/\/fazendabomretiro.com.br\/pousada-es\/wp-json\/wp\/v2\/pages\/811","targetHints":{"allow":["GET"]}}],"collection":[{"href":"https:\/\/fazendabomretiro.com.br\/pousada-es\/wp-json\/wp\/v2\/pages"}],"about":[{"href":"https:\/\/fazendabomretiro.com.br\/pousada-es\/wp-json\/wp\/v2\/types\/page"}],"author":[{"embeddable":true,"href":"https:\/\/fazendabomretiro.com.br\/pousada-es\/wp-json\/wp\/v2\/users\/1"}],"replies":[{"embeddable":true,"href":"https:\/\/fazendabomretiro.com.br\/pousada-es\/wp-json\/wp\/v2\/comments?post=811"}],"version-history":[{"count":13,"href":"https:\/\/fazendabomretiro.com.br\/pousada-es\/wp-json\/wp\/v2\/pages\/811\/revisions"}],"predecessor-version":[{"id":1125,"href":"https:\/\/fazendabomretiro.com.br\/pousada-es\/wp-json\/wp\/v2\/pages\/811\/revisions\/1125"}],"wp:attachment":[{"href":"https:\/\/fazendabomretiro.com.br\/pousada-es\/wp-json\/wp\/v2\/media?parent=811"}],"curies":[{"name":"wp","href":"https:\/\/api.w.org\/{rel}","templated":true}]}}